{"id":115,"date":"2024-11-09T10:19:14","date_gmt":"2024-11-09T09:19:14","guid":{"rendered":"https:\/\/msclan.party\/ybbs\/?page_id=115"},"modified":"2026-01-05T01:35:17","modified_gmt":"2026-01-05T00:35:17","slug":"teilnehmen","status":"publish","type":"page","link":"https:\/\/msclan.party\/ybbs\/?page_id=115","title":{"rendered":"Teilnehmen"},"content":{"rendered":"\n<p>Wenn du dabei sein m\u00f6chtest oder Fragen hast, gib uns bitte \u00fcber eine dieser M\u00f6glichkeiten bescheid:<\/p>\n\n\n\n<ul class=\"wp-block-list\">\n<li>Whatsapp: <a href=\"https:\/\/wa.me\/436606612341\" data-type=\"link\" data-id=\"https:\/\/wa.me\/436606612341\">0660 \/ 66 123 41<\/a><\/li>\n\n\n\n<li>Telegram: <a href=\"https:\/\/t.me\/fragless\" data-type=\"link\" data-id=\"https:\/\/t.me\/fragless\">fragless<\/a><\/li>\n\n\n\n<li>Discord: <a href=\"https:\/\/discord.gg\/vq8watQbbC\" data-type=\"link\" data-id=\"https:\/\/discord.gg\/QD7JSRuv\">MSC Wieselburg<\/a><\/li>\n\n\n\n<li>E-Mail: <a href=\"mailto:msclan@unerledigt.de\">msclan@unerledigt.de<\/a><\/li>\n\n\n\n<li><a href=\"https:\/\/msclan.party\/ybbs\/?page_id=59\" data-type=\"page\" data-id=\"59\">Kontaktformular<\/a><\/li>\n<\/ul>\n\n\n\n<p><\/p>\n","protected":false},"excerpt":{"rendered":"<p>Wenn du dabei sein m\u00f6chtest oder Fragen hast, gib uns bitte \u00fcber eine dieser M\u00f6glichkeiten bescheid:<\/p>\n","protected":false},"author":1,"featured_media":0,"parent":0,"menu_order":0,"comment_status":"closed","ping_status":"closed","template":"","meta":{"footnotes":""},"class_list":["post-115","page","type-page","status-publish","hentry"],"_links":{"self":[{"href":"https:\/\/msclan.party\/ybbs\/index.php?rest_route=\/wp\/v2\/pages\/115","targetHints":{"allow":["GET"]}}],"collection":[{"href":"https:\/\/msclan.party\/ybbs\/index.php?rest_route=\/wp\/v2\/pages"}],"about":[{"href":"https:\/\/msclan.party\/ybbs\/index.php?rest_route=\/wp\/v2\/types\/page"}],"author":[{"embeddable":true,"href":"https:\/\/msclan.party\/ybbs\/index.php?rest_route=\/wp\/v2\/users\/1"}],"replies":[{"embeddable":true,"href":"https:\/\/msclan.party\/ybbs\/index.php?rest_route=%2Fwp%2Fv2%2Fcomments&post=115"}],"version-history":[{"count":4,"href":"https:\/\/msclan.party\/ybbs\/index.php?rest_route=\/wp\/v2\/pages\/115\/revisions"}],"predecessor-version":[{"id":194,"href":"https:\/\/msclan.party\/ybbs\/index.php?rest_route=\/wp\/v2\/pages\/115\/revisions\/194"}],"wp:attachment":[{"href":"https:\/\/msclan.party\/ybbs\/index.php?rest_route=%2Fwp%2Fv2%2Fmedia&parent=115"}],"curies":[{"name":"wp","href":"https:\/\/api.w.org\/{rel}","templated":true}]}}