{"id":59,"date":"2024-06-16T09:03:58","date_gmt":"2024-06-16T09:03:58","guid":{"rendered":"https:\/\/demo.bosathemes.com\/bosa\/ai-robotics\/?page_id=887"},"modified":"2026-01-05T01:35:25","modified_gmt":"2026-01-05T00:35:25","slug":"contact-us","status":"publish","type":"page","link":"https:\/\/msclan.party\/ybbs\/?page_id=59","title":{"rendered":"Kontakt"},"content":{"rendered":"\n<p>Du kannst dich \u00fcber das Kontaktformular oder \u00fcber folgende M\u00f6glichkeiten bei uns melden:<\/p>\n\n\n\n<ul class=\"wp-block-list\">\n<li>Whatsapp: <a href=\"https:\/\/wa.me\/436606612341\" data-type=\"link\" data-id=\"https:\/\/wa.me\/436606612341\">0660 \/ 66 123 41<\/a><\/li>\n\n\n\n<li>Telegram: <a href=\"https:\/\/t.me\/fragless\" data-type=\"link\" data-id=\"https:\/\/t.me\/fragless\">fragless<\/a><\/li>\n\n\n\n<li>Discord: <a href=\"https:\/\/discord.gg\/vq8watQbbC\" data-type=\"link\" data-id=\"https:\/\/discord.gg\/QD7JSRuv\">MSC Wieselburg<\/a><\/li>\n\n\n\n<li>E-Mail: <a href=\"mailto:msclan@unerledigt.de\">msclan@unerledigt.de<\/a><\/li>\n<\/ul>\n\n\n<div class='fluentform ff-default fluentform_wrapper_1  ff_guten_block ff_guten_block-1 ffs_default_wrap'><form data-form_id=\"1\" id=\"fluentform_1\" class=\"frm-fluent-form fluent_form_1 ff-el-form-top ff_form_instance_1_1 ff-form-loading ff_has_v3_recptcha ffs_default\" data-form_instance=\"ff_form_instance_1_1\" method=\"POST\" data-recptcha_key=\"6Le4V34qAAAAAACD_cE7QRdkl17MlS1iEr3ctsO3\" ><fieldset  style=\"border: none!important;margin: 0!important;padding: 0!important;background-color: transparent!important;box-shadow: none!important;outline: none!important; min-inline-size: 100%;\">\n                    <legend class=\"ff_screen_reader_title\" style=\"display: block; margin: 0!important;padding: 0!important;height: 0!important;text-indent: -999999px;width: 0!important;overflow:hidden;\">Kontaktiere uns!<\/legend><input type='hidden' name='__fluent_form_embded_post_id' value='59' \/><input type=\"hidden\" id=\"_fluentform_1_fluentformnonce\" name=\"_fluentform_1_fluentformnonce\" value=\"06e2b619b3\" \/><input type=\"hidden\" name=\"_wp_http_referer\" value=\"\/ybbs\/index.php?rest_route=%2Fwp%2Fv2%2Fpages%2F59\" \/><div data-type=\"name-element\" data-name=\"names\" class=\" ff-field_container ff-name-field-wrapper\" ><div class='ff-t-container'><div class='ff-t-cell '><div class='ff-el-group'><div class=\"ff-el-input--label ff-el-is-required asterisk-right\"><label for='ff_1_names_first_name_' id='label_ff_1_names_first_name_' >Name<\/label><\/div><div class='ff-el-input--content'><input type=\"text\" name=\"names[first_name]\" id=\"ff_1_names_first_name_\" class=\"ff-el-form-control\" placeholder=\"Name\" aria-invalid=\"false\" aria-required=true><\/div><\/div><\/div><\/div><\/div><div class='ff-el-group'><div class=\"ff-el-input--label ff-el-is-required asterisk-right\"><label for='ff_1_email' id='label_ff_1_email' aria-label=\"Email\">Email<\/label><\/div><div class='ff-el-input--content'><input type=\"email\" name=\"email\" id=\"ff_1_email\" class=\"ff-el-form-control\" placeholder=\"Email Adresse\" data-name=\"email\"  aria-invalid=\"false\" aria-required=true><\/div><\/div><div class='ff-el-group'><div class=\"ff-el-input--label ff-el-is-required asterisk-right\"><label for='ff_1_message' id='label_ff_1_message' aria-label=\"Deine Nachricht\">Deine Nachricht<\/label><\/div><div class='ff-el-input--content'><textarea aria-required=\"true\" aria-labelledby=\"label_ff_1_message\" name=\"message\" id=\"ff_1_message\" class=\"ff-el-form-control\" placeholder=\"Deine Nachricht\" rows=\"4\" cols=\"2\" data-name=\"message\" ><\/textarea><\/div><\/div><div class='ff-el-group ff-text-left ff_submit_btn_wrapper'><button type=\"submit\" class=\"ff-btn ff-btn-submit ff-btn-md ff_btn_style\"  aria-label=\"Abschicken\">Abschicken<\/button><\/div><\/fieldset><\/form><div id='fluentform_1_errors' class='ff-errors-in-stack ff_form_instance_1_1 ff-form-loading_errors ff_form_instance_1_1_errors'><\/div><\/div>            <script type=\"text\/javascript\">\n                window.fluent_form_ff_form_instance_1_1 = {\"id\":\"1\",\"settings\":{\"layout\":{\"labelPlacement\":\"top\",\"helpMessagePlacement\":\"with_label\",\"errorMessagePlacement\":\"inline\",\"cssClassName\":\"\",\"asteriskPlacement\":\"asterisk-right\"},\"restrictions\":{\"denyEmptySubmission\":{\"enabled\":false}}},\"form_instance\":\"ff_form_instance_1_1\",\"form_id_selector\":\"fluentform_1\",\"rules\":{\"names[first_name]\":{\"required\":{\"value\":true,\"message\":\"Bitte gib deinen Namen ein\",\"global\":false,\"global_message\":\"This field is required\"}},\"names[middle_name]\":{\"required\":{\"value\":false,\"message\":\"This field is required\",\"global\":false,\"global_message\":\"This field is required\"}},\"names[last_name]\":{\"required\":{\"value\":false,\"message\":\"This field is required\",\"global\":false,\"global_message\":\"This field is required\"}},\"email\":{\"required\":{\"value\":true,\"message\":\"Bitte gib deine E-Mail ein!\",\"global\":false,\"global_message\":\"This field is required\"},\"email\":{\"value\":true,\"message\":\"Bitte gib deine g\\u00fcltige E-Mail ein!\",\"global\":false,\"global_message\":\"This field must contain a valid email\"}},\"message\":{\"required\":{\"value\":true,\"message\":\"Bitte gib eine Nachricht ein\",\"global\":false,\"global_message\":\"This field is required\"}},\"g-recaptcha-response\":[]},\"debounce_time\":300};\n                            <\/script>\n            ","protected":false},"excerpt":{"rendered":"<p>Du kannst dich \u00fcber das Kontaktformular oder \u00fcber folgende M\u00f6glichkeiten bei uns melden:<\/p>\n","protected":false},"author":1,"featured_media":0,"parent":0,"menu_order":0,"comment_status":"closed","ping_status":"closed","template":"elementor_header_footer","meta":{"footnotes":""},"class_list":["post-59","page","type-page","status-publish","hentry"],"_links":{"self":[{"href":"https:\/\/msclan.party\/ybbs\/index.php?rest_route=\/wp\/v2\/pages\/59","targetHints":{"allow":["GET"]}}],"collection":[{"href":"https:\/\/msclan.party\/ybbs\/index.php?rest_route=\/wp\/v2\/pages"}],"about":[{"href":"https:\/\/msclan.party\/ybbs\/index.php?rest_route=\/wp\/v2\/types\/page"}],"author":[{"embeddable":true,"href":"https:\/\/msclan.party\/ybbs\/index.php?rest_route=\/wp\/v2\/users\/1"}],"replies":[{"embeddable":true,"href":"https:\/\/msclan.party\/ybbs\/index.php?rest_route=%2Fwp%2Fv2%2Fcomments&post=59"}],"version-history":[{"count":4,"href":"https:\/\/msclan.party\/ybbs\/index.php?rest_route=\/wp\/v2\/pages\/59\/revisions"}],"predecessor-version":[{"id":195,"href":"https:\/\/msclan.party\/ybbs\/index.php?rest_route=\/wp\/v2\/pages\/59\/revisions\/195"}],"wp:attachment":[{"href":"https:\/\/msclan.party\/ybbs\/index.php?rest_route=%2Fwp%2Fv2%2Fmedia&parent=59"}],"curies":[{"name":"wp","href":"https:\/\/api.w.org\/{rel}","templated":true}]}}