{"id":67,"date":"2024-06-12T08:01:26","date_gmt":"2024-06-12T08:01:26","guid":{"rendered":"https:\/\/demo.bosathemes.com\/bosa\/ai-robotics\/?page_id=9"},"modified":"2026-01-12T09:04:56","modified_gmt":"2026-01-12T08:04:56","slug":"home","status":"publish","type":"page","link":"https:\/\/msclan.party\/ybbs\/","title":{"rendered":"MSC LAN-Party"},"content":{"rendered":"\n<p>Ein wertsch\u00e4tzendes und herzliches Willkommen!<\/p>\n\n\n\n<p>Hier erf\u00e4hrst du einiges \u00fcber die MSC LAN-Party, welche zwei mal im Jahr f\u00fcr zwei Wochen im Volksheim Ybbs stattfindet.<\/p>\n\n\n\n<h2 class=\"wp-block-heading\">Termin Sommer-LAN 2026<\/h2>\n\n\n\n<p>die Sommer-LAN beginnt am 10. Juli 2026 um 15 Uhr und endet am Samstag, dem 25. Juli 2026 am fr\u00fchen Nachmittag <\/p>\n\n\n\n<h2 class=\"wp-block-heading\">Termin Winter-LAN 2026\/2027<\/h2>\n\n\n\n<p>von 25.12.2026 (15 Uhr) bis entweder 05.01.2027 oder (bei genug TeilnehmerInnen) 09.01.2027<br><\/p>\n","protected":false},"excerpt":{"rendered":"<p>Ein wertsch\u00e4tzendes und herzliches Willkommen! Hier erf\u00e4hrst du einiges \u00fcber die MSC LAN-Party, welche zwei mal im Jahr f\u00fcr zwei Wochen im Volksheim Ybbs stattfindet. Termin Sommer-LAN 2026 die Sommer-LAN beginnt am 10. Juli 2026 um 15 Uhr und endet am Samstag, dem 25. Juli 2026 am fr\u00fchen Nachmittag Termin Winter-LAN 2026\/2027 von 25.12.2026 (15&#8230;<\/p>\n","protected":false},"author":1,"featured_media":0,"parent":0,"menu_order":0,"comment_status":"closed","ping_status":"closed","template":"","meta":{"footnotes":""},"class_list":["post-67","page","type-page","status-publish","hentry"],"_links":{"self":[{"href":"https:\/\/msclan.party\/ybbs\/index.php?rest_route=\/wp\/v2\/pages\/67","targetHints":{"allow":["GET"]}}],"collection":[{"href":"https:\/\/msclan.party\/ybbs\/index.php?rest_route=\/wp\/v2\/pages"}],"about":[{"href":"https:\/\/msclan.party\/ybbs\/index.php?rest_route=\/wp\/v2\/types\/page"}],"author":[{"embeddable":true,"href":"https:\/\/msclan.party\/ybbs\/index.php?rest_route=\/wp\/v2\/users\/1"}],"replies":[{"embeddable":true,"href":"https:\/\/msclan.party\/ybbs\/index.php?rest_route=%2Fwp%2Fv2%2Fcomments&post=67"}],"version-history":[{"count":12,"href":"https:\/\/msclan.party\/ybbs\/index.php?rest_route=\/wp\/v2\/pages\/67\/revisions"}],"predecessor-version":[{"id":206,"href":"https:\/\/msclan.party\/ybbs\/index.php?rest_route=\/wp\/v2\/pages\/67\/revisions\/206"}],"wp:attachment":[{"href":"https:\/\/msclan.party\/ybbs\/index.php?rest_route=%2Fwp%2Fv2%2Fmedia&parent=67"}],"curies":[{"name":"wp","href":"https:\/\/api.w.org\/{rel}","templated":true}]}}